{"id":1837,"date":"2024-09-05T12:19:14","date_gmt":"2024-09-05T12:19:14","guid":{"rendered":"https:\/\/diaryofanseo.com\/plan-du-site\/"},"modified":"2024-10-09T14:43:03","modified_gmt":"2024-10-09T14:43:03","slug":"plan-du-site","status":"publish","type":"page","link":"https:\/\/diaryofanseo.com\/fr\/plan-du-site\/","title":{"rendered":"Plan du site"},"content":{"rendered":"<div class=\"wrap-html-sitemap sp-html-sitemap\"><div class=\"sp-wrap-cpt\"><h2 class=\"sp-cpt-name\">Pages<\/h2><ul class=\"sp-list-posts sp-cpt-hierarchical\"><li class=\"page_item page-item-1837\"><a href=\"https:\/\/diaryofanseo.com\/fr\/plan-du-site\/\">Plan du site<\/a><\/li><li class=\"page_item page-item-1855\"><a href=\"https:\/\/diaryofanseo.com\/fr\/contact\/\">Contact<\/a><\/li><li class=\"page_item page-item-1856\"><a href=\"https:\/\/diaryofanseo.com\/fr\/temoignages\/\">T\u00e9moignages<\/a><\/li><li class=\"page_item page-item-1865\"><a href=\"https:\/\/diaryofanseo.com\/fr\/parler\/\">Parler<\/a><\/li><li class=\"page_item page-item-1866\"><a href=\"https:\/\/diaryofanseo.com\/fr\/perspectives\/\">Perspectives<\/a><\/li><li class=\"page_item page-item-1876\"><a href=\"https:\/\/diaryofanseo.com\/fr\/actualites\/\">Actualit\u00e9s<\/a><\/li><li class=\"page_item page-item-1875\"><a href=\"https:\/\/diaryofanseo.com\/fr\/a-propos-de\/\">A propos de<\/a><\/li><\/ul><\/div><div class=\"sp-wrap-cpt\"><h2 class=\"sp-cpt-name\">Articles<\/h2><div class=\"sp-wrap-cats\"><div class=\"sp-wrap-cat\"><h3 class=\"sp-cat-name\"><a href=\"https:\/\/diaryofanseo.com\/fr\/news\/non-classifiee\/\">Non classifi\u00e9(e)<\/a><\/h3><ul class=\"sp-list-posts\"><li><a href=\"https:\/\/diaryofanseo.com\/fr\/journal-dun-seo-brightonseo\/\">Journal d&#8217;un SEO @BrightonSEO !<\/a> - 9 octobre 2024<\/li><li><a href=\"https:\/\/diaryofanseo.com\/fr\/atelier-sur-le-referencement-local-somerset-business-show\/\">Atelier sur le r\u00e9f\u00e9rencement local : Somerset Business Show<\/a> - 9 octobre 2024<\/li><li><a href=\"https:\/\/diaryofanseo.com\/fr\/legiit-live-referencement-international-en-caroline-du-sud-etats-unis\/\">Legiit Live : R\u00e9f\u00e9rencement international en Caroline du Sud (\u00c9tats-Unis)<\/a> - 17 septembre 2024<\/li><li><a href=\"https:\/\/diaryofanseo.com\/fr\/construire-une-entreprise-de-referencement-qui-saligne-sur-vos-valeurs-un-podcast-avec-adrijana-vujadin\/\">Construire une entreprise de r\u00e9f\u00e9rencement qui s&#8217;aligne sur vos valeurs : Un podcast avec Adrijana Vujadin<\/a> - 17 septembre 2024<\/li><li><a href=\"https:\/\/diaryofanseo.com\/fr\/la-lettre-dinformation-electronique-de-freddie-chatt-sur-lete-du-referencement\/\">La lettre d&#8217;information \u00e9lectronique de Freddie Chatt sur l&#8217;\u00e9t\u00e9 du r\u00e9f\u00e9rencement<\/a> - 16 septembre 2024<\/li><li><a href=\"https:\/\/diaryofanseo.com\/fr\/john-wrights-affiliate-bi-podcast-ft-kira-khoroshilova\/\">John Wright&#8217;s Affiliate BI Podcast ft. Kira Khoroshilova<\/a> - 5 ao\u00fbt 2024<\/li><li><a href=\"https:\/\/diaryofanseo.com\/fr\/chris-walker-fondateur-de-legiit-ft-kira-khoroshilova\/\">Chris Walker, fondateur de Legiit, ft. Kira Khoroshilova<\/a> - 5 ao\u00fbt 2024<\/li><li><a href=\"https:\/\/diaryofanseo.com\/fr\/panel-de-la-journee-des-carrieres-a-luwc-atlantic\/\">Panel de la Journ\u00e9e des carri\u00e8res \u00e0 l&#8217;UWC Atlantic<\/a> - 26 juillet 2024<\/li><li><a href=\"https:\/\/diaryofanseo.com\/fr\/cotswolds-radio-linterview-de-the-entrepreneurial-edge\/\">Cotswold&#8217;s Radio : L&#8217;interview de The Entrepreneurial Edge<\/a> - 26 juillet 2024<\/li><li><a href=\"https:\/\/diaryofanseo.com\/fr\/hub8-cybersips-seo-morning\/\">Hub8 CyberSips SEO Morning<\/a> - 18 juin 2024<\/li><li><a href=\"https:\/\/diaryofanseo.com\/fr\/cotswold-collective-seo-barn-retreat\/\">Cotswold Collective SEO Barn Retreat<\/a> - 18 mai 2024<\/li><li><a href=\"https:\/\/diaryofanseo.com\/fr\/seo-mastery-summit-vietnam-top-5-des-conferences-de-la-semaine\/\">SEO Mastery Summit Vietnam (Top 5 des conf\u00e9rences de la semaine !)<\/a> - 18 avril 2024<\/li><li><a href=\"https:\/\/diaryofanseo.com\/fr\/atelier-sur-le-referencement-du-bien-etre-pour-sapphire-spa-solutions\/\">Atelier sur le r\u00e9f\u00e9rencement du bien-\u00eatre pour Sapphire Spa Solutions<\/a> - 18 mars 2024<\/li><li><a href=\"https:\/\/diaryofanseo.com\/fr\/conseils-seo-pour-les-fondatrices-commentaire-ft-votreagence\/\">Conseils SEO pour les fondatrices Commentaire ft. VotreAgence<\/a> - 18 f\u00e9vrier 2024<\/li><li><a href=\"https:\/\/diaryofanseo.com\/fr\/limportance-de-leeat-en-seo-ft-designrush\/\">L&#8217;importance de l&#8217;EEAT en SEO ft. DesignRush<\/a> - 23 janvier 2024<\/li><li><a href=\"https:\/\/diaryofanseo.com\/fr\/south-cheltenham-business-network-seo-interview\/\">South Cheltenham Business Network SEO Interview<\/a> - 18 janvier 2024<\/li><li><a href=\"https:\/\/diaryofanseo.com\/fr\/academie-des-medias-sociaux-de-la-brasserie-de-gloucester-atelier-de-referencement\/\">Acad\u00e9mie des m\u00e9dias sociaux de la brasserie de Gloucester Atelier de r\u00e9f\u00e9rencement<\/a> - 15 d\u00e9cembre 2023<\/li><li><a href=\"https:\/\/diaryofanseo.com\/fr\/atelier-uwe-bristol-sur-le-referencement-pour-les-pme\/\">Atelier UWE Bristol sur le r\u00e9f\u00e9rencement pour les PME<\/a> - 10 novembre 2023<\/li><\/ul><\/div><div class=\"sp-wrap-cat\"><h3 class=\"sp-cat-name\"><a href=\"https:\/\/diaryofanseo.com\/fr\/news\/referencement-local\/\">R\u00e9f\u00e9rencement local<\/a><\/h3><ul class=\"sp-list-posts\"><li><a href=\"https:\/\/diaryofanseo.com\/fr\/atelier-seo-pour-luniversite-de-gloucestershire\/\">Atelier SEO pour l&#8217;Universit\u00e9 de Gloucestershire<\/a> - 23 f\u00e9vrier 2024<\/li><\/ul><\/div><\/div><\/div><\/div>\n\n\n\n<p><\/p>\n","protected":false},"excerpt":{"rendered":"","protected":false},"author":1,"featured_media":0,"parent":0,"menu_order":0,"comment_status":"closed","ping_status":"closed","template":"","meta":{"_acf_changed":false,"_seopress_robots_primary_cat":"","_seopress_titles_title":"","_seopress_titles_desc":"","_seopress_robots_index":"","footnotes":""},"class_list":["post-1837","page","type-page","status-publish","hentry"],"acf":[],"_links":{"self":[{"href":"https:\/\/diaryofanseo.com\/fr\/wp-json\/wp\/v2\/pages\/1837","targetHints":{"allow":["GET"]}}],"collection":[{"href":"https:\/\/diaryofanseo.com\/fr\/wp-json\/wp\/v2\/pages"}],"about":[{"href":"https:\/\/diaryofanseo.com\/fr\/wp-json\/wp\/v2\/types\/page"}],"author":[{"embeddable":true,"href":"https:\/\/diaryofanseo.com\/fr\/wp-json\/wp\/v2\/users\/1"}],"replies":[{"embeddable":true,"href":"https:\/\/diaryofanseo.com\/fr\/wp-json\/wp\/v2\/comments?post=1837"}],"version-history":[{"count":1,"href":"https:\/\/diaryofanseo.com\/fr\/wp-json\/wp\/v2\/pages\/1837\/revisions"}],"predecessor-version":[{"id":1839,"href":"https:\/\/diaryofanseo.com\/fr\/wp-json\/wp\/v2\/pages\/1837\/revisions\/1839"}],"wp:attachment":[{"href":"https:\/\/diaryofanseo.com\/fr\/wp-json\/wp\/v2\/media?parent=1837"}],"curies":[{"name":"wp","href":"https:\/\/api.w.org\/{rel}","templated":true}]}}